{"id":138,"date":"2019-01-24T13:16:07","date_gmt":"2019-01-24T11:16:07","guid":{"rendered":"http:\/\/www.genderconference.kf.vu.lt\/?page_id=138"},"modified":"2019-05-02T12:55:46","modified_gmt":"2019-05-02T10:55:46","slug":"abstract-submission","status":"publish","type":"page","link":"http:\/\/www.genderconference.kf.vu.lt\/lt\/registration\/abstract-submission\/","title":{"rendered":"Prane\u0161im\u0173 teikimas"},"content":{"rendered":"<p><em><strong>Prane\u0161im\u0173 teikimo terminas baig\u0117si.<\/strong><br \/>\n<\/em><\/p>\n<p><em>\u00a0<\/em><\/p>","protected":false},"excerpt":{"rendered":"<p>Prane\u0161im\u0173 teikimo terminas baig\u0117si. \u00a0<\/p>\n","protected":false},"author":1,"featured_media":0,"parent":132,"menu_order":0,"comment_status":"closed","ping_status":"closed","template":"","meta":[],"_links":{"self":[{"href":"http:\/\/www.genderconference.kf.vu.lt\/lt\/wp-json\/wp\/v2\/pages\/138"}],"collection":[{"href":"http:\/\/www.genderconference.kf.vu.lt\/lt\/wp-json\/wp\/v2\/pages"}],"about":[{"href":"http:\/\/www.genderconference.kf.vu.lt\/lt\/wp-json\/wp\/v2\/types\/page"}],"author":[{"embeddable":true,"href":"http:\/\/www.genderconference.kf.vu.lt\/lt\/wp-json\/wp\/v2\/users\/1"}],"replies":[{"embeddable":true,"href":"http:\/\/www.genderconference.kf.vu.lt\/lt\/wp-json\/wp\/v2\/comments?post=138"}],"version-history":[{"count":37,"href":"http:\/\/www.genderconference.kf.vu.lt\/lt\/wp-json\/wp\/v2\/pages\/138\/revisions"}],"predecessor-version":[{"id":320,"href":"http:\/\/www.genderconference.kf.vu.lt\/lt\/wp-json\/wp\/v2\/pages\/138\/revisions\/320"}],"up":[{"embeddable":true,"href":"http:\/\/www.genderconference.kf.vu.lt\/lt\/wp-json\/wp\/v2\/pages\/132"}],"wp:attachment":[{"href":"http:\/\/www.genderconference.kf.vu.lt\/lt\/wp-json\/wp\/v2\/media?parent=138"}],"curies":[{"name":"wp","href":"https:\/\/api.w.org\/{rel}","templated":true}]}}