{"id":144,"date":"2019-01-24T13:20:44","date_gmt":"2019-01-24T11:20:44","guid":{"rendered":"http:\/\/www.genderconference.kf.vu.lt\/?page_id=144"},"modified":"2020-01-15T11:22:28","modified_gmt":"2020-01-15T09:22:28","slug":"publication-of-conferences-papers","status":"publish","type":"page","link":"http:\/\/www.genderconference.kf.vu.lt\/lt\/publication-of-conferences-papers\/","title":{"rendered":"Prane\u0161im\u0173 skelbimas"},"content":{"rendered":"<p class=\"qtranxs-available-languages-message qtranxs-available-languages-message-lt\">Atsipra\u0161ome, \u0161is puslapis galimas tik <a href=\"http:\/\/www.genderconference.kf.vu.lt\/en\/wp-json\/wp\/v2\/pages\/144\" class=\"qtranxs-available-language-link qtranxs-available-language-link-en\" title=\"EN\">Jungtini\u0173 Valstij\u0173 Angl\u0173<\/a>.<\/p>","protected":false},"excerpt":{"rendered":"<p>Atsipra\u0161ome, \u0161is puslapis galimas tik Jungtini\u0173 Valstij\u0173 Angl\u0173.<\/p>\n","protected":false},"author":1,"featured_media":0,"parent":0,"menu_order":0,"comment_status":"closed","ping_status":"closed","template":"","meta":[],"_links":{"self":[{"href":"http:\/\/www.genderconference.kf.vu.lt\/lt\/wp-json\/wp\/v2\/pages\/144"}],"collection":[{"href":"http:\/\/www.genderconference.kf.vu.lt\/lt\/wp-json\/wp\/v2\/pages"}],"about":[{"href":"http:\/\/www.genderconference.kf.vu.lt\/lt\/wp-json\/wp\/v2\/types\/page"}],"author":[{"embeddable":true,"href":"http:\/\/www.genderconference.kf.vu.lt\/lt\/wp-json\/wp\/v2\/users\/1"}],"replies":[{"embeddable":true,"href":"http:\/\/www.genderconference.kf.vu.lt\/lt\/wp-json\/wp\/v2\/comments?post=144"}],"version-history":[{"count":5,"href":"http:\/\/www.genderconference.kf.vu.lt\/lt\/wp-json\/wp\/v2\/pages\/144\/revisions"}],"predecessor-version":[{"id":433,"href":"http:\/\/www.genderconference.kf.vu.lt\/lt\/wp-json\/wp\/v2\/pages\/144\/revisions\/433"}],"wp:attachment":[{"href":"http:\/\/www.genderconference.kf.vu.lt\/lt\/wp-json\/wp\/v2\/media?parent=144"}],"curies":[{"name":"wp","href":"https:\/\/api.w.org\/{rel}","templated":true}]}}