{"id":227,"date":"2019-02-01T15:32:00","date_gmt":"2019-02-01T13:32:00","guid":{"rendered":"http:\/\/www.genderconference.kf.vu.lt\/?page_id=227"},"modified":"2022-09-19T11:36:44","modified_gmt":"2022-09-19T09:36:44","slug":"organisation","status":"publish","type":"page","link":"http:\/\/www.genderconference.kf.vu.lt\/lt\/organisation\/","title":{"rendered":"Organizatoriai"},"content":{"rendered":"<p><\/p>\n<h4><strong>Konferencijos mokslinis ir organizacinis komitetas<\/strong><\/h4>\n<ul>\n<li><a href=\"https:\/\/www.kf.vu.lt\/struktura\/darbuotojai\/aurelija-novelskaite\">prof. dr. Aurelija Novelskait\u0117<\/a> (pirminink\u0117) (Vilniaus universitetas).<\/li>\n<li><a href=\"https:\/\/www.kf.vu.lt\/struktura\/darbuotojai\/lijana-stundze\">doc. dr. Lijana Stund\u017e\u0117<\/a> (Vilniaus universitetas),<\/li>\n<li><a href=\"https:\/\/www.kf.vu.lt\/struktura\/darbuotojai\/deimante-seporaityte-vismante\">doc. dr. Deimant\u0117 \u0160\u0117poraityt\u0117-Vismant\u0117<\/a> (Vilniaus universitetas),<\/li>\n<li><a href=\"https:\/\/www.kf.vu.lt\/struktura\/darbuotojai\/ilona-michailovic\">doc. dr. Ilona Michailovi\u010d<\/a> (Vilniaus universitetas),<\/li>\n<li><a href=\"https:\/\/www.kf.vu.lt\/struktura\/darbuotojai\/reda-adomaitiene\">dr. Reda Adomaitien\u0117<\/a> (Vilniaus universitetas),<\/li>\n<li><a href=\"https:\/\/www.kf.vu.lt\/lt\/struktura\/darbuotojai\/ernesta-platukyte\">dr. Ernesta Plat\u016bkyt\u0117<\/a> (Vilniaus universitetas),<\/li>\n<li>dr. Urt\u0117 Lina Orlova (Vilniaus universiteto Bendruomen\u0117s vystymo skyrius),<\/li>\n<li>doc. dr. Raminta Pu\u010d\u0117tait\u0117 (Kauno technologijos universitetas),<\/li>\n<li>prof.dr. Ellie Schemenauer (Wisconsin-Whitewater universitetas, Jungtin\u0117s Amerikos valstijos),<\/li>\n<li>asoc. prof. dr G\u00f6k\u00e7e G\u00f6kalp (Middle East Technical universitetas, Turkija),<\/li>\n<li>prof. dr. Ramona Michaila (Dimitrie Cantemir Christian universitetas, Rumunija),<\/li>\n<li>dr. Caitr\u00edona N\u00ed Laoire (University College Cork, Airija),<\/li>\n<li>assoc. prof. Rezarta Shkurti (Perri) (Tiranos universitetas, Albanija)<\/li>\n<li>assoc. prof. dr. Petroula Mavrikiou (Frederick universitetas, Kipras),<\/li>\n<li>assist.prof. dr. Suvi Heikkinen (Jyv\u00e4skyl\u00e4 universitetas, Suomija),<\/li>\n<li>assoc. prof. Ann Werner (S\u00f6dert\u00f6rn universitetas, \u0160vedija),<\/li>\n<li>dr. Olga Anna Kotowska-Wojcik (Cardinal Stefan Wyszynski universitetas, Lenkija).<\/li>\n<\/ul>\n<p><strong>Konferencijos sekretoriatas:<\/strong><\/p>\n<ul>\n<li>Agn\u0117 Zumbrickait\u0117,<\/li>\n<li>Kristina Gedvilait\u0117,<\/li>\n<li>Skirmant\u0117 Granickien\u0117<\/li>\n<\/ul>\n<p>&nbsp;<\/p>","protected":false},"excerpt":{"rendered":"<p>Konferencijos mokslinis ir organizacinis komitetas prof. dr. Aurelija Novelskait\u0117 (pirminink\u0117) (Vilniaus universitetas). doc. dr. Lijana Stund\u017e\u0117 (Vilniaus universitetas), doc. dr.&hellip; <\/p>\n","protected":false},"author":1,"featured_media":0,"parent":0,"menu_order":0,"comment_status":"closed","ping_status":"closed","template":"","meta":[],"_links":{"self":[{"href":"http:\/\/www.genderconference.kf.vu.lt\/lt\/wp-json\/wp\/v2\/pages\/227"}],"collection":[{"href":"http:\/\/www.genderconference.kf.vu.lt\/lt\/wp-json\/wp\/v2\/pages"}],"about":[{"href":"http:\/\/www.genderconference.kf.vu.lt\/lt\/wp-json\/wp\/v2\/types\/page"}],"author":[{"embeddable":true,"href":"http:\/\/www.genderconference.kf.vu.lt\/lt\/wp-json\/wp\/v2\/users\/1"}],"replies":[{"embeddable":true,"href":"http:\/\/www.genderconference.kf.vu.lt\/lt\/wp-json\/wp\/v2\/comments?post=227"}],"version-history":[{"count":20,"href":"http:\/\/www.genderconference.kf.vu.lt\/lt\/wp-json\/wp\/v2\/pages\/227\/revisions"}],"predecessor-version":[{"id":646,"href":"http:\/\/www.genderconference.kf.vu.lt\/lt\/wp-json\/wp\/v2\/pages\/227\/revisions\/646"}],"wp:attachment":[{"href":"http:\/\/www.genderconference.kf.vu.lt\/lt\/wp-json\/wp\/v2\/media?parent=227"}],"curies":[{"name":"wp","href":"https:\/\/api.w.org\/{rel}","templated":true}]}}