{"id":509,"date":"2022-09-16T10:48:03","date_gmt":"2022-09-16T08:48:03","guid":{"rendered":"http:\/\/www.genderconference.kf.vu.lt\/?page_id=509"},"modified":"2022-09-19T10:57:31","modified_gmt":"2022-09-19T08:57:31","slug":"prof-dr-dalia-leinarte","status":"publish","type":"page","link":"http:\/\/www.genderconference.kf.vu.lt\/lt\/prof-dr-dalia-leinarte\/","title":{"rendered":"Prof. dr. Dalia Leinart\u0117"},"content":{"rendered":"<p><\/p>\n<h2><strong>Ly\u010di\u0173 studijos Lietuvoje: \u017evilgsnis i\u0161 atokiau<\/strong><\/h2>\n<p><img decoding=\"async\" loading=\"lazy\" class=\"size-medium wp-image-510 alignleft\" src=\"http:\/\/www.genderconference.kf.vu.lt\/wp-content\/uploads\/2022\/09\/Dalia-Leinarte-300x200.jpg\" alt=\"\" width=\"300\" height=\"200\" srcset=\"http:\/\/www.genderconference.kf.vu.lt\/wp-content\/uploads\/2022\/09\/Dalia-Leinarte-300x200.jpg 300w, http:\/\/www.genderconference.kf.vu.lt\/wp-content\/uploads\/2022\/09\/Dalia-Leinarte.jpg 638w\" sizes=\"(max-width: 300px) 100vw, 300px\" \/><\/p>\n<p>Prof. dr<strong>. Dalia Leinart\u0117<\/strong> \u2013 istorik\u0117, knyg\u0173 autor\u0117, Kembrid\u017eo universiteto Lucy Cavendish koled\u017eo ir Vytauto Did\u017eiojo universiteto Politikos moksl\u0173 ir diplomatijos fakulteto profesor\u0117, JT Moter\u0173 diskriminacijos panaikinimo komiteto (CEDAW) nar\u0117 ir \u0161io komiteto pirminink\u0117 2017\u00a0 2018 m.<\/p>\n<p>Prof. D. Leinart\u0117 yra nacionalinio Lietuvos radijo ir TV portalo komentator\u0117 (lrt.lt) ir ra\u0161o \u017emogaus teisi\u0173, ly\u010di\u0173 lygyb\u0117s, feminizmo ir istorijos klausimais. Beveik dvide\u0161imt met\u0173 ji vadovavo Vilniaus universiteto Ly\u010di\u0173 studij\u0173 centrui. 2002 m. Leinart\u0117 laim\u0117jo presti\u017ein\u0119 tarptautin\u0119 Fulbraito (Fulbright) mokslin\u0119 stipendij\u0105 ir 2005 m. Amerikos universitet\u0173 moter\u0173 asociacijos (American Association of University Women) stipendij\u0105 ir kelet\u0105 met\u0173 atliko tyrimus JAV universitetuose.<\/p>\n<p>Leinart\u0117 yra keletos monografij\u0173 ir studij\u0173 autor\u0117. Jos monografija The Lithuanian Family in its European Context, 1800-1914: Marriage, Divorce and Flexible Communities (Palgrave Macmillan, 2017) laim\u0117jo presti\u017ein\u012f Baltijos studij\u0173 pa\u017eangos asociacijos (AABS Association for the Advancement of Baltic Studies) 2018 m. priz\u0105.<\/p>","protected":false},"excerpt":{"rendered":"<p>Ly\u010di\u0173 studijos Lietuvoje: \u017evilgsnis i\u0161 atokiau Prof. dr. Dalia Leinart\u0117 \u2013 istorik\u0117, knyg\u0173 autor\u0117, Kembrid\u017eo universiteto Lucy Cavendish koled\u017eo ir&hellip; <\/p>\n","protected":false},"author":2,"featured_media":510,"parent":0,"menu_order":0,"comment_status":"closed","ping_status":"closed","template":"","meta":[],"_links":{"self":[{"href":"http:\/\/www.genderconference.kf.vu.lt\/lt\/wp-json\/wp\/v2\/pages\/509"}],"collection":[{"href":"http:\/\/www.genderconference.kf.vu.lt\/lt\/wp-json\/wp\/v2\/pages"}],"about":[{"href":"http:\/\/www.genderconference.kf.vu.lt\/lt\/wp-json\/wp\/v2\/types\/page"}],"author":[{"embeddable":true,"href":"http:\/\/www.genderconference.kf.vu.lt\/lt\/wp-json\/wp\/v2\/users\/2"}],"replies":[{"embeddable":true,"href":"http:\/\/www.genderconference.kf.vu.lt\/lt\/wp-json\/wp\/v2\/comments?post=509"}],"version-history":[{"count":5,"href":"http:\/\/www.genderconference.kf.vu.lt\/lt\/wp-json\/wp\/v2\/pages\/509\/revisions"}],"predecessor-version":[{"id":639,"href":"http:\/\/www.genderconference.kf.vu.lt\/lt\/wp-json\/wp\/v2\/pages\/509\/revisions\/639"}],"wp:featuredmedia":[{"embeddable":true,"href":"http:\/\/www.genderconference.kf.vu.lt\/lt\/wp-json\/wp\/v2\/media\/510"}],"wp:attachment":[{"href":"http:\/\/www.genderconference.kf.vu.lt\/lt\/wp-json\/wp\/v2\/media?parent=509"}],"curies":[{"name":"wp","href":"https:\/\/api.w.org\/{rel}","templated":true}]}}