{"id":514,"date":"2022-09-16T10:58:15","date_gmt":"2022-09-16T08:58:15","guid":{"rendered":"http:\/\/www.genderconference.kf.vu.lt\/?page_id=514"},"modified":"2022-09-19T11:05:21","modified_gmt":"2022-09-19T09:05:21","slug":"prof-dr-anna-maija-lamsa","status":"publish","type":"page","link":"http:\/\/www.genderconference.kf.vu.lt\/lt\/prof-dr-anna-maija-lamsa\/","title":{"rendered":"Prof. dr.\u00a0Anna-Maija L\u00e4ms\u00e4\u00a0"},"content":{"rendered":"<p><\/p>\n<h2><strong>Vyri\u0161kumo kaita: t\u0117\u010diai vadovai (ne)kuriantys tradicin\u012f vyri\u0161kum\u0105?<\/strong><\/h2>\n<p><img decoding=\"async\" loading=\"lazy\" class=\"alignleft wp-image-515 size-medium\" src=\"http:\/\/www.genderconference.kf.vu.lt\/wp-content\/uploads\/2022\/09\/Lamsa-Anna_Maija-2022-picture-e1663578310743-286x300.jpg\" alt=\"\" width=\"286\" height=\"300\" srcset=\"http:\/\/www.genderconference.kf.vu.lt\/wp-content\/uploads\/2022\/09\/Lamsa-Anna_Maija-2022-picture-e1663578310743-286x300.jpg 286w, http:\/\/www.genderconference.kf.vu.lt\/wp-content\/uploads\/2022\/09\/Lamsa-Anna_Maija-2022-picture-e1663578310743.jpg 655w\" sizes=\"(max-width: 286px) 100vw, 286px\" \/><\/p>\n<p>Prof. dr. <strong>Anna-Maija L\u00e4ms\u00e4<\/strong> yra \u017emogi\u0161k\u0173j\u0173 i\u0161tekli\u0173 valdymo profesor\u0117 (emerit\u0117) Jyv\u00e4skyl\u00e4 universiteto Verslo ir ekonomikos mokykloje. 2022-2023 mokslo metais Anna Maija yra vizituojanti profesor\u0117 Vilniaus universiteto Kauno ir Komunikacijos fakultetuose.<\/p>\n<p>Profesor\u0117 tyrin\u0117ja \u012fvairov\u0119 ir lygyb\u0119 darbo santykiuose, lyderyst\u0117s ir lyties s\u0105sajas, karjer\u0105 ir lyt\u012f, darbo ir \u0161eimos santyki\u0173 derinim\u0105, taip pat etikos aspekt\u0105 vadyboje, lyderyst\u0117je ir organizacijoje \u012fvairiuose sociokult\u016briniuose kontekstuose. Anna-Maija yra daugyb\u0117s publikacij\u0173 tiek u\u017esienyje, tiek Suomijoje autor\u0117. U\u017e savo mokslinius tyrimus, publikacijas ir karjeros pasiekimus, ji yra gavusi kelet\u0105 reik\u0161ming\u0173 tarptautini\u0173 ir nacionalini\u0173 apdovanojim\u0173.<\/p>","protected":false},"excerpt":{"rendered":"<p>Vyri\u0161kumo kaita: t\u0117\u010diai vadovai (ne)kuriantys tradicin\u012f vyri\u0161kum\u0105? Prof. dr. Anna-Maija L\u00e4ms\u00e4 yra \u017emogi\u0161k\u0173j\u0173 i\u0161tekli\u0173 valdymo profesor\u0117 (emerit\u0117) Jyv\u00e4skyl\u00e4 universiteto Verslo&hellip; <\/p>\n","protected":false},"author":2,"featured_media":515,"parent":0,"menu_order":0,"comment_status":"closed","ping_status":"closed","template":"","meta":[],"_links":{"self":[{"href":"http:\/\/www.genderconference.kf.vu.lt\/lt\/wp-json\/wp\/v2\/pages\/514"}],"collection":[{"href":"http:\/\/www.genderconference.kf.vu.lt\/lt\/wp-json\/wp\/v2\/pages"}],"about":[{"href":"http:\/\/www.genderconference.kf.vu.lt\/lt\/wp-json\/wp\/v2\/types\/page"}],"author":[{"embeddable":true,"href":"http:\/\/www.genderconference.kf.vu.lt\/lt\/wp-json\/wp\/v2\/users\/2"}],"replies":[{"embeddable":true,"href":"http:\/\/www.genderconference.kf.vu.lt\/lt\/wp-json\/wp\/v2\/comments?post=514"}],"version-history":[{"count":7,"href":"http:\/\/www.genderconference.kf.vu.lt\/lt\/wp-json\/wp\/v2\/pages\/514\/revisions"}],"predecessor-version":[{"id":644,"href":"http:\/\/www.genderconference.kf.vu.lt\/lt\/wp-json\/wp\/v2\/pages\/514\/revisions\/644"}],"wp:featuredmedia":[{"embeddable":true,"href":"http:\/\/www.genderconference.kf.vu.lt\/lt\/wp-json\/wp\/v2\/media\/515"}],"wp:attachment":[{"href":"http:\/\/www.genderconference.kf.vu.lt\/lt\/wp-json\/wp\/v2\/media?parent=514"}],"curies":[{"name":"wp","href":"https:\/\/api.w.org\/{rel}","templated":true}]}}