{"id":518,"date":"2022-09-16T14:28:51","date_gmt":"2022-09-16T12:28:51","guid":{"rendered":"http:\/\/www.genderconference.kf.vu.lt\/?page_id=518"},"modified":"2022-10-25T14:04:10","modified_gmt":"2022-10-25T12:04:10","slug":"keynote-speakers-2022","status":"publish","type":"page","link":"http:\/\/www.genderconference.kf.vu.lt\/lt\/keynote-speakers-2022\/","title":{"rendered":"Kviestiniai prane\u0161imai"},"content":{"rendered":"<p><\/p>\n<div class=\"row\">\n<div class=\"column\">\n<div class=\"our-team\">\n<div class=\"team-member\"><a title=\"\" href=\"http:\/\/www.genderconference.kf.vu.lt\/prof-dr-dalia-leinarte\/\"><img decoding=\"async\" loading=\"lazy\" class=\"attachment-post-thumbnail wp-post-image alignnone\" src=\"http:\/\/www.genderconference.kf.vu.lt\/wp-content\/uploads\/2022\/09\/Dalia-Leinarte-square-300x300.jpg\" sizes=\"(max-width: 300px) 100vw, 300px\" srcset=\"http:\/\/www.genderconference.kf.vu.lt\/wp-content\/uploads\/2022\/09\/Dalia-Leinarte-square-300x300.jpg 300w, http:\/\/www.genderconference.kf.vu.lt\/wp-content\/uploads\/2022\/09\/Dalia-Leinarte-square-300x300.jpg 150w\" alt=\"\" width=\"300\" height=\"300\" \/><\/a><\/div>\n<h5>Prof. dr. Dalia Leinart\u0117<\/h5>\n<p class=\"member-post\">Vytauto Did\u017eiojo universitetas, Lietuva<\/p>\n<div class=\"speaker-topic-title\">\n<h4>Ly\u010di\u0173 studijos Lietuvoje: \u017evilgsnis i\u0161 atokiau<\/h4>\n<\/div>\n<\/div>\n<\/div>\n<div class=\"column\">\n<div class=\"our-team\">\n<div class=\"team-member\"><a title=\"\" href=\"http:\/\/www.genderconference.kf.vu.lt\/prof-dr-anna-maija-lamsa\/\"><img decoding=\"async\" loading=\"lazy\" class=\"attachment-post-thumbnail wp-post-image alignnone\" src=\"http:\/\/www.genderconference.kf.vu.lt\/wp-content\/uploads\/2022\/09\/Lamsa-Anna_Maija-2022-picture-square-300x300.jpg\" sizes=\"(max-width: 300px) 100vw, 300px\" srcset=\"http:\/\/www.genderconference.kf.vu.lt\/wp-content\/uploads\/2022\/09\/Lamsa-Anna_Maija-2022-picture-square-300x300.jpg 300w, http:\/\/www.genderconference.kf.vu.lt\/wp-content\/uploads\/2022\/09\/Lamsa-Anna_Maija-2022-picture-square-300x300.jpg 150w\" alt=\"\" width=\"300\" height=\"300\" \/><\/a><\/div>\n<h5>Prof. dr.\u00a0Anna-Maija L\u00e4ms\u00e4<\/h5>\n<p class=\"member-post\">Jyv\u00e4skyl\u00e4 universiteto Verslo ir ekonomikos mokykla, Suomija<\/p>\n<div class=\"speaker-topic-title\">\n<h4>Vyri\u0161kumo kaita: t\u0117\u010diai vadovai (ne)kuriantys tradicin\u012f vyri\u0161kum\u0105?<\/h4>\n<div><\/div>\n<\/div>\n<\/div>\n<\/div>\n<\/div>\n<div class=\"column\">\n<div class=\"our-team\">\n<div class=\"team-member\"><a title=\"\" href=\"http:\/\/www.genderconference.kf.vu.lt\/dr-victoria-showunmi\/\"><img decoding=\"async\" loading=\"lazy\" class=\"attachment-post-thumbnail wp-post-image alignnone\" src=\"http:\/\/www.genderconference.kf.vu.lt\/wp-content\/uploads\/2022\/10\/Victoria-Showunmi-square.jpg\" sizes=\"(max-width: 300px) 100vw, 300px\" srcset=\"http:\/\/www.genderconference.kf.vu.lt\/wp-content\/uploads\/2022\/10\/Victoria-Showunmi-square.jpg 300w, http:\/\/www.genderconference.kf.vu.lt\/wp-content\/uploads\/2022\/10\/Victoria-Showunmi-square.jpg 150w\" alt=\"\" width=\"300\" height=\"300\" \/><\/a><\/div>\n<h5>Doc. dr. Victoria Showunmi<\/h5>\n<p class=\"member-post\">Londono universiteto koled\u017eas, JK<\/p>\n<div class=\"speaker-topic-title\">\n<h4>Lytis, ras\u0117 ir intersekcionalumas<\/h4>\n<div><\/div>\n<\/div>\n<\/div>\n<\/div>\n<p><\/p>","protected":false},"excerpt":{"rendered":"<p>Prof. dr. Dalia Leinart\u0117 Vytauto Did\u017eiojo universitetas, Lietuva Ly\u010di\u0173 studijos Lietuvoje: \u017evilgsnis i\u0161 atokiau Prof. dr.\u00a0Anna-Maija L\u00e4ms\u00e4 Jyv\u00e4skyl\u00e4 universiteto Verslo&hellip; <\/p>\n","protected":false},"author":2,"featured_media":0,"parent":0,"menu_order":0,"comment_status":"closed","ping_status":"closed","template":"page-templates\/gallery-template.php","meta":[],"_links":{"self":[{"href":"http:\/\/www.genderconference.kf.vu.lt\/lt\/wp-json\/wp\/v2\/pages\/518"}],"collection":[{"href":"http:\/\/www.genderconference.kf.vu.lt\/lt\/wp-json\/wp\/v2\/pages"}],"about":[{"href":"http:\/\/www.genderconference.kf.vu.lt\/lt\/wp-json\/wp\/v2\/types\/page"}],"author":[{"embeddable":true,"href":"http:\/\/www.genderconference.kf.vu.lt\/lt\/wp-json\/wp\/v2\/users\/2"}],"replies":[{"embeddable":true,"href":"http:\/\/www.genderconference.kf.vu.lt\/lt\/wp-json\/wp\/v2\/comments?post=518"}],"version-history":[{"count":73,"href":"http:\/\/www.genderconference.kf.vu.lt\/lt\/wp-json\/wp\/v2\/pages\/518\/revisions"}],"predecessor-version":[{"id":583,"href":"http:\/\/www.genderconference.kf.vu.lt\/lt\/wp-json\/wp\/v2\/pages\/518\/revisions\/583"}],"wp:attachment":[{"href":"http:\/\/www.genderconference.kf.vu.lt\/lt\/wp-json\/wp\/v2\/media?parent=518"}],"curies":[{"name":"wp","href":"https:\/\/api.w.org\/{rel}","templated":true}]}}