{"id":653,"date":"2022-10-04T07:16:53","date_gmt":"2022-10-04T05:16:53","guid":{"rendered":"http:\/\/www.genderconference.kf.vu.lt\/?page_id=653"},"modified":"2022-10-04T07:43:27","modified_gmt":"2022-10-04T05:43:27","slug":"dr-victoria-showunmi","status":"publish","type":"page","link":"http:\/\/www.genderconference.kf.vu.lt\/lt\/dr-victoria-showunmi\/","title":{"rendered":"(EN) Assoc. prof. dr. Victoria Showunmi"},"content":{"rendered":"<p class=\"qtranxs-available-languages-message qtranxs-available-languages-message-lt\">Atsipra\u0161ome, \u0161is puslapis galimas tik <a href=\"http:\/\/www.genderconference.kf.vu.lt\/en\/wp-json\/wp\/v2\/pages\/653\" class=\"qtranxs-available-language-link qtranxs-available-language-link-en\" title=\"EN\">Jungtini\u0173 Valstij\u0173 Angl\u0173<\/a>.<\/p>","protected":false},"excerpt":{"rendered":"<p>Atsipra\u0161ome, \u0161is puslapis galimas tik Jungtini\u0173 Valstij\u0173 Angl\u0173.<\/p>\n","protected":false},"author":2,"featured_media":656,"parent":0,"menu_order":0,"comment_status":"closed","ping_status":"closed","template":"","meta":[],"_links":{"self":[{"href":"http:\/\/www.genderconference.kf.vu.lt\/lt\/wp-json\/wp\/v2\/pages\/653"}],"collection":[{"href":"http:\/\/www.genderconference.kf.vu.lt\/lt\/wp-json\/wp\/v2\/pages"}],"about":[{"href":"http:\/\/www.genderconference.kf.vu.lt\/lt\/wp-json\/wp\/v2\/types\/page"}],"author":[{"embeddable":true,"href":"http:\/\/www.genderconference.kf.vu.lt\/lt\/wp-json\/wp\/v2\/users\/2"}],"replies":[{"embeddable":true,"href":"http:\/\/www.genderconference.kf.vu.lt\/lt\/wp-json\/wp\/v2\/comments?post=653"}],"version-history":[{"count":4,"href":"http:\/\/www.genderconference.kf.vu.lt\/lt\/wp-json\/wp\/v2\/pages\/653\/revisions"}],"predecessor-version":[{"id":661,"href":"http:\/\/www.genderconference.kf.vu.lt\/lt\/wp-json\/wp\/v2\/pages\/653\/revisions\/661"}],"wp:featuredmedia":[{"embeddable":true,"href":"http:\/\/www.genderconference.kf.vu.lt\/lt\/wp-json\/wp\/v2\/media\/656"}],"wp:attachment":[{"href":"http:\/\/www.genderconference.kf.vu.lt\/lt\/wp-json\/wp\/v2\/media?parent=653"}],"curies":[{"name":"wp","href":"https:\/\/api.w.org\/{rel}","templated":true}]}}