{"id":726,"date":"2022-11-07T11:57:11","date_gmt":"2022-11-07T09:57:11","guid":{"rendered":"http:\/\/www.genderconference.kf.vu.lt\/?page_id=726"},"modified":"2022-11-24T00:23:16","modified_gmt":"2022-11-23T22:23:16","slug":"programme-2022","status":"publish","type":"page","link":"http:\/\/www.genderconference.kf.vu.lt\/lt\/programme-2022\/","title":{"rendered":"Programa"},"content":{"rendered":"<p><\/p>\n<p class=\"has-text-align-center\"><strong>International Conference<\/strong><\/p>\n<h2 class=\"has-text-align-center\"><strong><strong>GENDER STUDIES AND ACTIVISM\u00a0 2022:<br \/>\n(RE-\/DE-\/-?) INSTITUTIONALIZATION IN CHANGING REALITIES<\/strong><\/strong><\/h2>\n<p class=\"has-text-align-center\"><strong>Vilnius University<\/strong><br \/>\n<strong>November 24, \u00a02022<\/strong><\/p>\n<p class=\"has-text-align-center\"><strong>PROGRAMME<\/strong><br \/>\n<strong>November 24 (Thursday), Scholarly Information and Communication Centre, (Saul\u0117tekis av. 5)<\/strong><\/p>\n<figure class=\"wp-block-table\">\n<table class=\"has-black-color has-white-background-color has-text-color has-background\">\n<tbody>\n<tr>\n<td style=\"background: #660033;\" width=\"150\" height=\"30\"><span style=\"color: #ffffff;\">9:00-9:30<\/span><\/td>\n<td style=\"background: #660033;\" colspan=\"2\"><span style=\"color: #ffffff;\">Registration, networking coffee<\/span><\/td>\n<\/tr>\n<tr>\n<td style=\"background: #660033;\" height=\"30\"><span style=\"color: #ffffff;\">9:30-9:45<\/span><\/td>\n<td colspan=\"2\" width=\"780\"><strong>Opening of the conference, welcome speeches (Conference Hall)<\/strong><\/td>\n<\/tr>\n<tr>\n<td style=\"background: #660033;\" width=\"150\" height=\"30\"><span style=\"color: #ffffff;\">9:45-14:30<\/span><\/td>\n<td colspan=\"2\"><strong>PLENARY SESSIONS <\/strong><a href=\"https:\/\/teams.microsoft.com\/l\/meetup-join\/19%3ameeting_NjUxZTA1MzgtYTNlMS00NzkxLWI0OGItNzAxYWMzOTU0MzUw%40thread.v2\/0?context=%7b%22Tid%22%3a%2282c51a82-548d-43ca-bcf9-bf4b7eb1d012%22%2c%22Oid%22%3a%22db9fced3-020c-49b1-a529-9b31c60beb27%22%7d\">MS Teams<\/a><\/td>\n<\/tr>\n<tr>\n<td style=\"background: #660033;\" height=\"30\"><span style=\"color: #ffffff;\">9:45-10:45<\/span><\/td>\n<td colspan=\"2\"><strong>1 plenary session and discussions (Conference Hall)<\/strong><br \/>\n<strong>Moderated by prof. dr. Marija Au\u0161rin\u0117 Pavilionien\u0117<\/strong>&nbsp;<\/p>\n<p><strong>prof. dr. Dalia Leinart\u0117 <\/strong>(Vytautas Magnus University, member of the United Nations Committee on the Elimination of Discrimination against Women (CEDAW), Fellow Commoner at Lucy Cavendish College, University of Cambridge). <em>Gender Studies in Lithuania: An Overview from Time and Distance.<\/em><\/td>\n<\/tr>\n<tr>\n<td style=\"background: #660033;\" height=\"30\"><span style=\"color: #ffffff;\">10:45 \u2013 11:30<\/span><\/td>\n<td colspan=\"2\" height=\"30\"><strong>Congratulations to the founders and leaders of the Gender Studies Centre <\/strong><\/td>\n<\/tr>\n<tr>\n<td style=\"background: #660033;\"><span style=\"color: #ffffff;\">11:30 \u2013 12:30<\/span><\/td>\n<td style=\"background: #660033;\" colspan=\"2\" height=\"30\"><span style=\"color: #ffffff;\"><strong>LUNCH<\/strong><\/span><\/td>\n<\/tr>\n<tr>\n<td style=\"background: #660033;\" height=\"30\"><span style=\"color: #ffffff;\">12:30 \u2013 13:30<\/span><\/td>\n<td colspan=\"2\"><strong>2 plenary session and discussions (Conference Hall)<\/strong><br \/>\n<strong>Moderated by dr. Ernesta Plat\u016bkyt\u0117<\/strong><\/p>\n<p><strong>assoc. prof. <\/strong><strong>dr. Victoria Showunmi <\/strong>(University College London). <em>Gender, Race, and Intersectionality.<\/em><\/td>\n<\/tr>\n<tr>\n<td style=\"background: #660033;\" height=\"30\"><span style=\"color: #ffffff;\">13:30 \u2013 14:30<\/span><\/td>\n<td colspan=\"2\"><strong>3 plenary session and discussions (Conference Hall)<\/strong><br \/>\n<strong>Moderated by prof. dr. Aurelija Novelskait\u0117<\/strong><\/p>\n<p><strong>prof. <\/strong><strong>dr. Anna-Maija Lamsa<\/strong> (Jyv\u00e4skyl\u00e4 university, Vilnius university). <em>Masculinity in flux: father managers (un)doing traditional masculinity.<\/em><\/td>\n<\/tr>\n<tr>\n<td style=\"background: #660033;\"><span style=\"color: #ffffff;\">14:30-15:00<\/span><\/td>\n<td style=\"background: #660033;\" colspan=\"2\"><span style=\"color: #ffffff;\">Coffee break &#8211; networking \u00a0<\/span><\/td>\n<\/tr>\n<tr>\n<td style=\"background: #660033;\"><span style=\"color: #ffffff;\">15:00 \u2013 16:30<\/span><\/td>\n<td colspan=\"2\"><b>Parallel sessions<\/b><\/td>\n<\/tr>\n<tr>\n<td style=\"background: #660033;\"><\/td>\n<td width=\"320\"><strong>1 session <\/strong><a href=\"https:\/\/teams.microsoft.com\/l\/meetup-join\/19%3ameeting_NjUxZTA1MzgtYTNlMS00NzkxLWI0OGItNzAxYWMzOTU0MzUw%40thread.v2\/0?context=%7b%22Tid%22%3a%2282c51a82-548d-43ca-bcf9-bf4b7eb1d012%22%2c%22Oid%22%3a%22db9fced3-020c-49b1-a529-9b31c60beb27%22%7d\">MS Teams<\/a><br \/>\n<strong>Moderated by assoc. prof. Lijana Stund\u017e\u0117<\/strong><\/td>\n<td><strong>2 session (in Lithuanian) <\/strong><a href=\"https:\/\/teams.microsoft.com\/l\/meetup-join\/19%3ameeting_ZTcwNzI3NzEtY2QzMy00MTc3LThlYTAtNWZlYmU4NThiOGFk%40thread.v2\/0?context=%7b%22Tid%22%3a%2282c51a82-548d-43ca-bcf9-bf4b7eb1d012%22%2c%22Oid%22%3a%22db9fced3-020c-49b1-a529-9b31c60beb27%22%7d\">MS Teams<\/a><br \/>\n<strong>Moderated by <\/strong><strong>assoc. prof. dr. Deimant\u0117 \u0160\u0117poraityt\u0117-Vismant\u0117<\/strong><\/td>\n<\/tr>\n<tr>\n<td style=\"background: #660033;\"><\/td>\n<td><b><span data-contrast=\"auto\">prof. dr. Virginija \u0160idlauskien\u0117, prof. dr. Laima Liukinevi\u010dien\u0117 <\/span><\/b><span data-contrast=\"auto\">(\u0160iauliai Academy, Vilnius University).\u00a0<\/span><i><span data-contrast=\"auto\">Deinstitutionalisation of the Gender Studies Centre in the Process of Universities Network Optimisation: the Case of \u0160iauliai University.<\/span><\/i><span data-ccp-props=\"{&quot;201341983&quot;:0,&quot;335559740&quot;:259}\">\u00a0<\/span><\/p>\n<p aria-level=\"5\"><b><span data-contrast=\"none\">dr. Paulina Seku\u0142a, Ewelina Ciaputa, dr. Marta Warat, assoc. prof. dr.Ewa Krzaklewska <\/span><\/b><span data-contrast=\"none\">(Jagiellonian University), <\/span><b><span data-contrast=\"none\">Sarah Beranek, Sybille Reidl<\/span><\/b> (<span data-contrast=\"auto\">Joanneum Research Forschungsges.m.b.H., Austria). <\/span><i><span data-contrast=\"auto\">Communities of practice and gender equality: fostering structural change in research and academia in Central and Eastern Europe.<\/span><\/i><span data-ccp-props=\"{&quot;134233117&quot;:true,&quot;134233118&quot;:true,&quot;201341983&quot;:0,&quot;335559740&quot;:240}\">\u00a0<\/span><\/p>\n<p aria-level=\"1\"><b><span data-contrast=\"auto\">assoc. prof. Magdalena Stoch<\/span><\/b><span data-contrast=\"auto\"> (Pedagogical University of Krakow). <\/span><i><span data-contrast=\"auto\">Teaching Gender and Queer Studies at Polish Universities: Challenges, Limitations, Perspectives.<\/span><\/i><span data-ccp-props=\"{&quot;201341983&quot;:0,&quot;335559738&quot;:240,&quot;335559739&quot;:0,&quot;335559740&quot;:259}\">\u00a0<\/span><\/p>\n<p><b><span data-contrast=\"auto\">assoc. prof. Lijana Stund\u017e\u0117, prof. dr. Aurelija Novelskait\u0117 <\/span><\/b><span data-contrast=\"auto\">(Vilnius University). <\/span><i><span data-contrast=\"auto\">Gender Studies in Vilnius University: Students\u2018 Involvement.<\/span><\/i><span data-ccp-props=\"{&quot;201341983&quot;:0,&quot;335559738&quot;:240,&quot;335559740&quot;:259}\">\u00a0<\/span><\/td>\n<td><b><span data-contrast=\"auto\">prof. dr. Virginija Jur\u0117nien\u0117, assoc. prof. dr. Giedr\u0117 Purvaneckien\u0117<\/span><\/b><span data-contrast=\"auto\"> (Vilnius University). <\/span><i><span data-contrast=\"auto\">Women&#8217;s Activism in Lithuania: from Organisation to Network.<\/span><\/i><span data-ccp-props=\"{&quot;201341983&quot;:0,&quot;335559740&quot;:259}\">\u00a0<\/span><\/p>\n<p><b><span data-contrast=\"auto\">prof. d<\/span><\/b><b><span data-contrast=\"auto\">r.<\/span><\/b><b><span data-contrast=\"auto\"> Kristina \u017dardeckait\u0117-Matulaitien\u0117, Kamil\u0117 Pocinait\u0117<\/span><\/b><span data-contrast=\"auto\"> (Vytautas Magnus University). <\/span><i><span data-contrast=\"auto\">Do Higher Levels of Education and More Favourable Attitudes Towards Women Make it Easier to Identify Sexism in Advertising? Lithuanian Young Adult Survey.<\/span><\/i><span data-ccp-props=\"{&quot;201341983&quot;:0,&quot;335559740&quot;:259}\">\u00a0<\/span><\/p>\n<p><b><span data-contrast=\"auto\">Daniel Ilkevi\u010d, Deimant\u0117 Rimkut\u0117 <\/span><\/b><span data-contrast=\"auto\">(Vilnius University). <\/span><i><span data-contrast=\"auto\">The Institutionalisation of Gender in the Period of Destalinisation in Lithuania: the Case of the Operationalisation of a Specific Gender Order in the Journal \u201eJaunimo gretos.\u201c\u00a0<\/span><\/i><span data-ccp-props=\"{&quot;201341983&quot;:0,&quot;335559740&quot;:259}\">\u00a0<\/span><\/p>\n<p><b><span data-contrast=\"auto\">assoc. prof. dr. Deimant\u0117 \u0160\u0117poraityt\u0117-Vismant\u0117 <\/span><\/b><span data-contrast=\"auto\">(Vilnius University)<\/span><b><span data-contrast=\"auto\">.\u00a0<\/span><\/b> <i><span data-contrast=\"none\">Practices of Applying Theoretical Models of Masculinity Studies in Masculinity Research Across Cultures.<\/span><\/i><span data-ccp-props=\"{&quot;201341983&quot;:0,&quot;335559740&quot;:259}\">\u00a0<\/span><\/p>\n<p><b><span data-contrast=\"auto\">assoc. prof. dr. Ilona Michailovi\u010d <\/span><\/b><span data-contrast=\"auto\">(Vilnius University),<\/span><b><span data-contrast=\"auto\"> Aksana Stankevi\u010dien\u0117.<\/span><\/b> <i><span data-contrast=\"auto\">Communicating Domestic Violence in the Media.<\/span><\/i><span data-ccp-props=\"{&quot;201341983&quot;:0,&quot;335559738&quot;:240,&quot;335559740&quot;:259}\">\u00a0<\/span><\/td>\n<\/tr>\n<tr>\n<td style=\"background: #660033;\"><span style=\"color: #ffffff;\">16:30-16:45<\/span><\/td>\n<td style=\"background: #660033;\" colspan=\"2\"><span style=\"color: #ffffff;\">Coffee break, networking<\/span><\/td>\n<\/tr>\n<tr>\n<td style=\"background: #660033;\"><span style=\"color: #ffffff;\">16:45-18:15<\/span><\/td>\n<td><strong>3 session\u00a0 <\/strong><a href=\"https:\/\/teams.microsoft.com\/l\/meetup-join\/19%3ameeting_NjUxZTA1MzgtYTNlMS00NzkxLWI0OGItNzAxYWMzOTU0MzUw%40thread.v2\/0?context=%7b%22Tid%22%3a%2282c51a82-548d-43ca-bcf9-bf4b7eb1d012%22%2c%22Oid%22%3a%22db9fced3-020c-49b1-a529-9b31c60beb27%22%7d\">MS Teams<\/a><br \/>\n<strong>Moderated by prof. dr. Aurelija Novelskait\u0117<\/strong><\/td>\n<td><strong>4 session (in Lithuanian) <\/strong><a href=\"https:\/\/teams.microsoft.com\/l\/meetup-join\/19%3ameeting_ZTcwNzI3NzEtY2QzMy00MTc3LThlYTAtNWZlYmU4NThiOGFk%40thread.v2\/0?context=%7b%22Tid%22%3a%2282c51a82-548d-43ca-bcf9-bf4b7eb1d012%22%2c%22Oid%22%3a%22db9fced3-020c-49b1-a529-9b31c60beb27%22%7d\">MS Teams<\/a><br \/>\n<strong>Moderated <\/strong><strong>by dr. Reda Adomaitien\u0117<\/strong><\/td>\n<\/tr>\n<tr>\n<td style=\"background: #660033;\"><\/td>\n<td><b><span data-contrast=\"auto\">Weronika Felcis, Elgars Felcis<\/span><\/b><span data-contrast=\"auto\"> (Latvian University). <\/span><i><span data-contrast=\"auto\">Ready for Change? Sustainable Management of Common Natural Resources Among Latvian Women.<\/span><\/i><span data-ccp-props=\"{&quot;201341983&quot;:0,&quot;335559740&quot;:259}\">\u00a0<\/span><\/p>\n<p><b><span data-contrast=\"auto\">Sandra Amankaviciute<\/span><\/b><span data-contrast=\"auto\"> (University of New South Wales). <\/span><i><span data-contrast=\"auto\">Women\u2019s Representation and Substantive Equality.<\/span><\/i><\/p>\n<p><b><span data-contrast=\"auto\">Lumini\u021ba Popescu<\/span><\/b> (<span data-contrast=\"auto\">The National Agency of Equal Opportunities between Women and Men, Romania). <\/span><i><span data-contrast=\"auto\">Sociological and Governmental Attitudes towards <\/span><\/i><i><span data-contrast=\"none\">Gender-Based Violence.<\/span><\/i><\/p>\n<p><b><span data-contrast=\"auto\">prof. dr. <\/span><\/b><b><span data-contrast=\"none\">Ramona Mihaila, assoc. prof.<\/span><\/b> <b><span data-contrast=\"auto\">Onorina Botezat <\/span><\/b><span data-contrast=\"none\">(<\/span><span data-contrast=\"none\">Dimitrie Cantemir Christian <\/span><span data-contrast=\"auto\">University, Bucharest). <\/span><i><span data-contrast=\"none\">Gender Equality in Academic European Context.<\/span><\/i><span data-ccp-props=\"{&quot;201341983&quot;:0,&quot;335559740&quot;:259}\">\u00a0<\/span><\/td>\n<td><b><span data-contrast=\"auto\">dr. Viktorija Taurait\u0117<\/span><\/b><span data-contrast=\"auto\"> (Vytautas Magnus University). <\/span><i><span data-contrast=\"auto\">Peculiarities of Time Allocation for Work and Personal Life: Gender Aspect.<\/span><\/i><\/p>\n<p><b><span data-contrast=\"auto\">prof. dr. Kristina \u017dardeckait\u0117-Matulaitien\u0117, Karolina \u0160ukyt\u0117<\/span><\/b><span data-contrast=\"auto\"> (Vytautas Magnus University). \u202f<\/span><i><span data-contrast=\"auto\">Internalised Sexism in a Sample of Lithuanian Women: the Role of Age, Education and Feminist Attitudes.<\/span><\/i><span data-ccp-props=\"{&quot;201341983&quot;:0,&quot;335559738&quot;:240,&quot;335559740&quot;:259}\">\u00a0<\/span><\/p>\n<p><b><span data-contrast=\"auto\">dr. Reda Adomaitien\u0117 <\/span><\/b><span data-contrast=\"auto\">(Vilnius University)<\/span><b><span data-contrast=\"auto\">.<\/span><\/b> <i><span data-contrast=\"auto\">Factors Determining the Change of Students Attitudes Towards Non-gender Typical Professions.<\/span><\/i><\/p>\n<p><b><span data-contrast=\"auto\">Ernesta Plat\u016bkyt\u0117 <\/span><\/b><span data-contrast=\"auto\">(Vilnius University). <\/span><i><span data-contrast=\"auto\">Gender differences in reproductive decisions of the cohort born in Lithuania in 1970-1984.<\/span><\/i><\/td>\n<\/tr>\n<tr>\n<td style=\"background: #660033;\"><\/td>\n<td><strong>5 session <\/strong><a href=\"https:\/\/teams.microsoft.com\/l\/meetup-join\/19%3ameeting_M2E4MDYwODUtMTI3MC00ODhlLThhMDQtMTYyNTk3NjcxNGIx%40thread.v2\/0?context=%7b%22Tid%22%3a%2282c51a82-548d-43ca-bcf9-bf4b7eb1d012%22%2c%22Oid%22%3a%22db9fced3-020c-49b1-a529-9b31c60beb27%22%7d\">MS Teams<\/a><br \/>\n<strong>Moderated by <\/strong><strong>assoc. prof. dr. Raminta Pu\u010d\u0117tait\u0117<\/strong><\/td>\n<td><\/td>\n<\/tr>\n<tr>\n<td style=\"background: #660033;\"><\/td>\n<td><b><span data-contrast=\"auto\">Laura Bago\u010di\u016bn\u0117<\/span><\/b><span data-contrast=\"auto\"> (Lithuanian Centre for Social Sciences). <\/span><i><span data-contrast=\"auto\">The Interrelation Between Research Ethics and Gender Equality in Science in Contexts of Responsible Research and Innovation.<\/span><\/i><span data-ccp-props=\"{&quot;201341983&quot;:0,&quot;335559738&quot;:240,&quot;335559740&quot;:259}\">\u00a0<\/span><\/p>\n<p><b><span data-contrast=\"auto\">dr. Suvi Heikkinen, Shabnam Shaikh<\/span><\/b><span data-contrast=\"auto\"> (Jyv\u00e4skyl\u00e4 University). <\/span><i><span data-contrast=\"auto\">Gender exclusion and conflict: The Meaning of Collaborative Leadership.<\/span><\/i><\/p>\n<p><b><span data-contrast=\"auto\">assoc. prof. dr. Raminta Pu\u010d\u0117tait\u0117, prof. dr. Aurelija Novelskait\u0117<\/span><\/b><span data-contrast=\"auto\"> (Vilnius University). <\/span><i><span data-contrast=\"auto\">Interrelation Between \u201eOpen Science\u201c and \u201eGender\u00a0 Equality\u201c Concepts: Insights from OPUS Project.<\/span><\/i><span data-contrast=\"auto\">\u00a0<\/span><span data-ccp-props=\"{&quot;201341983&quot;:0,&quot;335559738&quot;:240,&quot;335559740&quot;:259}\">\u00a0<\/span><\/p>\n<p><b><span data-contrast=\"auto\">prof. dr. Natalija Ma\u017eeikien\u0117 <\/span><\/b>(Vytautas Magnus University),<b><span data-contrast=\"auto\"> prof. dr.\u00a0 Aurelija Novelskait\u0117<\/span><\/b><span data-contrast=\"auto\"> (Vilnius University). <\/span><i><span data-contrast=\"auto\">Gender Mainstreaming in Research and Innovation: the SPEAR Project Case.<\/span><\/i><span data-ccp-props=\"{&quot;201341983&quot;:0,&quot;335559738&quot;:240,&quot;335559740&quot;:259}\">\u00a0<\/span><\/td>\n<td><\/td>\n<\/tr>\n<tr>\n<td style=\"background: #660033;\"><span style=\"color: #ffffff;\">18:15-18:30<\/span><\/td>\n<td colspan=\"2\">Closing of the conference<\/td>\n<\/tr>\n<tr>\n<td style=\"background: #660033;\"><span style=\"color: #ffffff;\">18:30-20:00<\/span><\/td>\n<td colspan=\"2\">Conference dinner, networking<\/td>\n<\/tr>\n<\/tbody>\n<\/table>\n<\/figure>\n<p class=\"has-text-align-center\"><!-- \/wp:table --><\/p>\n<p><\/p>","protected":false},"excerpt":{"rendered":"<p>International Conference GENDER STUDIES AND ACTIVISM\u00a0 2022: (RE-\/DE-\/-?) INSTITUTIONALIZATION IN CHANGING REALITIES Vilnius University November 24, \u00a02022 PROGRAMME November 24&hellip; <\/p>\n","protected":false},"author":2,"featured_media":0,"parent":0,"menu_order":0,"comment_status":"closed","ping_status":"closed","template":"","meta":[],"_links":{"self":[{"href":"http:\/\/www.genderconference.kf.vu.lt\/lt\/wp-json\/wp\/v2\/pages\/726"}],"collection":[{"href":"http:\/\/www.genderconference.kf.vu.lt\/lt\/wp-json\/wp\/v2\/pages"}],"about":[{"href":"http:\/\/www.genderconference.kf.vu.lt\/lt\/wp-json\/wp\/v2\/types\/page"}],"author":[{"embeddable":true,"href":"http:\/\/www.genderconference.kf.vu.lt\/lt\/wp-json\/wp\/v2\/users\/2"}],"replies":[{"embeddable":true,"href":"http:\/\/www.genderconference.kf.vu.lt\/lt\/wp-json\/wp\/v2\/comments?post=726"}],"version-history":[{"count":65,"href":"http:\/\/www.genderconference.kf.vu.lt\/lt\/wp-json\/wp\/v2\/pages\/726\/revisions"}],"predecessor-version":[{"id":866,"href":"http:\/\/www.genderconference.kf.vu.lt\/lt\/wp-json\/wp\/v2\/pages\/726\/revisions\/866"}],"wp:attachment":[{"href":"http:\/\/www.genderconference.kf.vu.lt\/lt\/wp-json\/wp\/v2\/media?parent=726"}],"curies":[{"name":"wp","href":"https:\/\/api.w.org\/{rel}","templated":true}]}}